{"id":1115,"date":"2021-03-31T15:54:53","date_gmt":"2021-03-31T22:54:53","guid":{"rendered":"https:\/\/sua.uacya-uaz.org\/?page_id=1115"},"modified":"2025-03-15T09:28:11","modified_gmt":"2025-03-15T16:28:11","slug":"nuevo-ingreso","status":"publish","type":"page","link":"https:\/\/sua.uacya-uaz.org\/?page_id=1115","title":{"rendered":"Nuevo Ingreso"},"content":{"rendered":"\t\t<div data-elementor-type=\"wp-page\" data-elementor-id=\"1115\" class=\"elementor elementor-1115\">\n\t\t\t\t\t\t<section class=\"elementor-section elementor-top-section elementor-element elementor-element-b612bd1 elementor-section-boxed elementor-section-height-default elementor-section-height-default\" data-id=\"b612bd1\" data-element_type=\"section\">\n\t\t\t\t\t\t<div class=\"elementor-container elementor-column-gap-default\">\n\t\t\t\t\t<div class=\"elementor-column elementor-col-100 elementor-top-column elementor-element elementor-element-cf809e1\" data-id=\"cf809e1\" data-element_type=\"column\">\n\t\t\t<div class=\"elementor-widget-wrap elementor-element-populated\">\n\t\t\t\t\t\t<div class=\"elementor-element elementor-element-d7a5415 elementor-widget elementor-widget-text-editor\" data-id=\"d7a5415\" data-element_type=\"widget\" data-widget_type=\"text-editor.default\">\n\t\t\t\t<div class=\"elementor-widget-container\">\n\t\t\t\t\t\t\t\t\t<h4 style=\"text-align: center;\"><span style=\"color: #808000;\">Con el prop\u00f3sito de extender la educaci\u00f3n superior a personas que por cuestiones de horario, trabajo, edad y\/o lugar de residencia se ven en la imposibilidad de cursar una licenciatura escolarizada, la Unidad Acad\u00e9mica de Contadur\u00eda y Administraci\u00f3n de la Universidad Aut\u00f3noma de Zacatecas <span style=\"color: #000080;\">TE INVITA<\/span> a cursar la:<\/span><\/h4>\t\t\t\t\t\t\t\t<\/div>\n\t\t\t\t<\/div>\n\t\t\t\t\t<\/div>\n\t\t<\/div>\n\t\t\t\t\t<\/div>\n\t\t<\/section>\n\t\t\t\t<section class=\"elementor-section elementor-top-section elementor-element elementor-element-97c2c3d elementor-section-boxed elementor-section-height-default elementor-section-height-default\" data-id=\"97c2c3d\" data-element_type=\"section\">\n\t\t\t\t\t\t<div class=\"elementor-container elementor-column-gap-default\">\n\t\t\t\t\t<div class=\"elementor-column elementor-col-33 elementor-top-column elementor-element elementor-element-ec6ded7\" data-id=\"ec6ded7\" data-element_type=\"column\">\n\t\t\t<div class=\"elementor-widget-wrap elementor-element-populated\">\n\t\t\t\t\t\t<div class=\"elementor-element elementor-element-89d38de elementor-widget elementor-widget-image\" data-id=\"89d38de\" data-element_type=\"widget\" data-widget_type=\"image.default\">\n\t\t\t\t<div class=\"elementor-widget-container\">\n\t\t\t\t\t\t\t\t\t\t\t\t\t\t\t<img fetchpriority=\"high\" decoding=\"async\" width=\"271\" height=\"210\" src=\"https:\/\/sua.uacya-uaz.org\/wp-content\/uploads\/2021\/03\/LCsua.png\" class=\"attachment-large size-large wp-image-1071\" alt=\"\" \/>\t\t\t\t\t\t\t\t\t\t\t\t\t\t\t<\/div>\n\t\t\t\t<\/div>\n\t\t\t\t\t<\/div>\n\t\t<\/div>\n\t\t\t\t<div class=\"elementor-column elementor-col-33 elementor-top-column elementor-element elementor-element-d2701a7\" data-id=\"d2701a7\" data-element_type=\"column\">\n\t\t\t<div class=\"elementor-widget-wrap elementor-element-populated\">\n\t\t\t\t\t\t<div class=\"elementor-element elementor-element-e184d1e elementor-widget elementor-widget-text-editor\" data-id=\"e184d1e\" data-element_type=\"widget\" data-widget_type=\"text-editor.default\">\n\t\t\t\t<div class=\"elementor-widget-container\">\n\t\t\t\t\t\t\t\t\t<p style=\"text-align: center;\"><strong><span style=\"color: #808000;\">El Sistema de Universidad Abierta de la Unidad Acad\u00e9mica de Contadur\u00eda y Administraci\u00f3n es un <span style=\"color: #ff6600;\">programa totalmente autofinanciable<\/span> que se sostiene con las cuotas que aportan los estudiantes por lo que se requiere de al menos 20 estudiantes por grupo.<\/span><\/strong><\/p>\t\t\t\t\t\t\t\t<\/div>\n\t\t\t\t<\/div>\n\t\t\t\t\t<\/div>\n\t\t<\/div>\n\t\t\t\t<div class=\"elementor-column elementor-col-33 elementor-top-column elementor-element elementor-element-867363c\" data-id=\"867363c\" data-element_type=\"column\">\n\t\t\t<div class=\"elementor-widget-wrap elementor-element-populated\">\n\t\t\t\t\t\t<div class=\"elementor-element elementor-element-0eb59e0 elementor-widget elementor-widget-text-editor\" data-id=\"0eb59e0\" data-element_type=\"widget\" data-widget_type=\"text-editor.default\">\n\t\t\t\t<div class=\"elementor-widget-container\">\n\t\t\t\t\t\t\t\t\t<h3 class=\"MsoNormal\" style=\"line-height: 115%; text-align: right;\" align=\"center\"><span lang=\"ES\" style=\"font-size: 12pt; line-height: 115%; font-family: Arial, sans-serif; color: #808000; letter-spacing: 1pt;\">Con m\u00e9todos te\u00f3rico \u2013 pr\u00e1cticos de transmisi\u00f3n y evaluaci\u00f3n de conocimientos dentro o fuera del plantel educativo con la integraci\u00f3n de las tecnolog\u00edas de la informaci\u00f3n y comunicaci\u00f3n al proceso educativo con herramientas digitales (videoconferencias, redes sociales, plataformas de elearning)<\/span><\/h3>\t\t\t\t\t\t\t\t<\/div>\n\t\t\t\t<\/div>\n\t\t\t\t\t<\/div>\n\t\t<\/div>\n\t\t\t\t\t<\/div>\n\t\t<\/section>\n\t\t\t\t<section class=\"elementor-section elementor-top-section elementor-element elementor-element-de02d60 elementor-section-boxed elementor-section-height-default elementor-section-height-default\" data-id=\"de02d60\" data-element_type=\"section\">\n\t\t\t\t\t\t<div class=\"elementor-container elementor-column-gap-default\">\n\t\t\t\t\t<div class=\"elementor-column elementor-col-33 elementor-top-column elementor-element elementor-element-94cedd8\" data-id=\"94cedd8\" data-element_type=\"column\">\n\t\t\t<div class=\"elementor-widget-wrap elementor-element-populated\">\n\t\t\t\t\t\t<div class=\"elementor-element elementor-element-50e0b43 elementor-widget elementor-widget-text-editor\" data-id=\"50e0b43\" data-element_type=\"widget\" data-widget_type=\"text-editor.default\">\n\t\t\t\t<div class=\"elementor-widget-container\">\n\t\t\t\t\t\t\t\t\t<p><strong><span style=\"color: #ff6600;\">PREINSCRIPCI\u00d3N A LA UAZ V\u00cdA INTERNET<\/span><\/strong><\/p><ol><li>Realizar el tr\u00e1mite de febrero a junio de 2025<\/li><li>Llenar los formatos electr\u00f3nicos en la p\u00e1gina <strong><span style=\"color: #000080;\">escolar.uaz.edu.mx<\/span><\/strong><\/li><li>Despu\u00e9s de hacer el registro, el sistema arrojar\u00e1 la ficha de pago de derecho a examen, la cual deber\u00e1 imprimirse y presentarse en cualquier sucursal BANORTE para realizar el pago correspondiente a m\u00e1s tardar en mayo.<\/li><li>Una vez que realice el pago, <strong>deber\u00e1 esperar 24 horas h\u00e1biles<\/strong> y volver a ingresar a la p\u00e1gina <strong><span style=\"color: #000080;\">escolar.uaz.edu.mx<\/span><\/strong> para llenar el cuestionario de contexto CENEVAL V\u00cdA INTERNET.<\/li><li>Despu\u00e9s del llenado deber\u00e1 imprimir la hoja de pre-inscripci\u00f3n, misma que le indicar\u00e1 los pasos a seguir.<\/li><li>Para realizar el tr\u00e1mite de validaci\u00f3n de documentos y entrega de ficha de derecho a examen ser\u00e1 en la p\u00e1gina <strong><span style=\"color: #000080;\">apps.uaz.edu.mx\/aspdocs\/<\/span><\/strong> de manera calendarizada, respetando la fecha se\u00f1alada en la ficha de pre-Inscripci\u00f3n.<\/li><\/ol><p><strong><span style=\"color: #ff6600;\">NOTA IMPORTANTE:<\/span><\/strong> Deber\u00e1 registrar un correo electr\u00f3nico al que tenga ingreso permanente porque ah\u00ed se le enviar\u00e1 la clave de acceso y las instrucciones del examen Ceneval.<\/p><h2 style=\"text-align: center;\"><span style=\"color: #000080;\">SOMOS FCA<\/span><\/h2>\t\t\t\t\t\t\t\t<\/div>\n\t\t\t\t<\/div>\n\t\t\t\t<div class=\"elementor-element elementor-element-098c782 elementor-widget elementor-widget-image\" data-id=\"098c782\" data-element_type=\"widget\" data-widget_type=\"image.default\">\n\t\t\t\t<div class=\"elementor-widget-container\">\n\t\t\t\t\t\t\t\t\t\t\t\t\t\t\t\t<a href=\"https:\/\/forms.gle\/Aci1jzmtHkAMoHRt8\">\n\t\t\t\t\t\t\t<img decoding=\"async\" width=\"1024\" height=\"585\" src=\"https:\/\/sua.uacya-uaz.org\/wp-content\/uploads\/2022\/11\/Inscribete-1024x585.png\" class=\"attachment-large size-large wp-image-1550\" alt=\"\" srcset=\"https:\/\/sua.uacya-uaz.org\/wp-content\/uploads\/2022\/11\/Inscribete-1024x585.png 1024w, https:\/\/sua.uacya-uaz.org\/wp-content\/uploads\/2022\/11\/Inscribete-300x171.png 300w, https:\/\/sua.uacya-uaz.org\/wp-content\/uploads\/2022\/11\/Inscribete-768x439.png 768w, https:\/\/sua.uacya-uaz.org\/wp-content\/uploads\/2022\/11\/Inscribete.png 1050w\" sizes=\"(max-width: 1024px) 100vw, 1024px\" \/>\t\t\t\t\t\t\t\t<\/a>\n\t\t\t\t\t\t\t\t\t\t\t\t\t\t\t<\/div>\n\t\t\t\t<\/div>\n\t\t\t\t<div class=\"elementor-element elementor-element-effbab3 elementor-widget elementor-widget-image\" data-id=\"effbab3\" data-element_type=\"widget\" data-widget_type=\"image.default\">\n\t\t\t\t<div class=\"elementor-widget-container\">\n\t\t\t\t\t\t\t\t\t\t\t\t\t\t\t\t<a href=\"http:\/\/ceii.uaz.edu.mx\/FichasPago\/\">\n\t\t\t\t\t\t\t<img decoding=\"async\" width=\"1024\" height=\"123\" src=\"https:\/\/sua.uacya-uaz.org\/wp-content\/uploads\/2021\/07\/pago-referenciado-1024x123.jpg\" class=\"attachment-large size-large wp-image-1299\" alt=\"\" srcset=\"https:\/\/sua.uacya-uaz.org\/wp-content\/uploads\/2021\/07\/pago-referenciado-1024x123.jpg 1024w, https:\/\/sua.uacya-uaz.org\/wp-content\/uploads\/2021\/07\/pago-referenciado-300x36.jpg 300w, https:\/\/sua.uacya-uaz.org\/wp-content\/uploads\/2021\/07\/pago-referenciado-768x92.jpg 768w, https:\/\/sua.uacya-uaz.org\/wp-content\/uploads\/2021\/07\/pago-referenciado-1536x184.jpg 1536w, https:\/\/sua.uacya-uaz.org\/wp-content\/uploads\/2021\/07\/pago-referenciado-2048x246.jpg 2048w\" sizes=\"(max-width: 1024px) 100vw, 1024px\" \/>\t\t\t\t\t\t\t\t<\/a>\n\t\t\t\t\t\t\t\t\t\t\t\t\t\t\t<\/div>\n\t\t\t\t<\/div>\n\t\t\t\t\t<\/div>\n\t\t<\/div>\n\t\t\t\t<div class=\"elementor-column elementor-col-33 elementor-top-column elementor-element elementor-element-ad1ac2d\" data-id=\"ad1ac2d\" data-element_type=\"column\">\n\t\t\t<div class=\"elementor-widget-wrap elementor-element-populated\">\n\t\t\t\t\t\t<div class=\"elementor-element elementor-element-09e08fe elementor-widget elementor-widget-text-editor\" data-id=\"09e08fe\" data-element_type=\"widget\" data-widget_type=\"text-editor.default\">\n\t\t\t\t<div class=\"elementor-widget-container\">\n\t\t\t\t\t\t\t\t\t<p><span style=\"color: #ff6600;\"><strong>DOCUMENTACI\u00d3N SOLICITADA<\/strong><\/span><\/p><p>La documentaci\u00f3n solicitada deber\u00e1 ser en imagen con formato jpg, preferentemente utilizando un esc\u00e1ner (a excepci\u00f3n de la fotograf\u00eda) para la realizaci\u00f3n del tr\u00e1mite:<\/p><ul><li>Fotograf\u00eda (deber\u00e1 ser formal, con fondo blanco, tomada con un celular con ayuda de otra persona).<\/li><li>CURP<\/li><li><span style=\"font-style: inherit; font-weight: inherit;\">Certificado de estudios o constancia de estar cursando el \u00faltimo semestre o a\u00f1o escolar, es muy importante que se\u00f1ale que el bachillerato sea el econ\u00f3mico-administrativo o equivalente.<\/span><\/li><li>\u00a0Comprobante de domicilio<\/li><\/ul><p><strong><span style=\"color: #ff6600;\">CRITERIOS DE SELECCI\u00d3N<\/span><\/strong><\/p><ul><li>Cursar y aprobar el CURSO DE NIVELACI\u00d3N.<\/li><li>Resultado del examen CENEVAL.<\/li><li>El promedio del bachillerato<\/li><li>S\u00f3lo se aceptar\u00e1n 120 estudiantes en la sede de Zacatecas<\/li><li>Para abrir una <strong>Unidad de Extensi\u00f3n\u00a0<\/strong>se requiere de al menos 25 estudiantes<\/li><li>Se ofrece la posibilidad de estudiar la licenciatura totalmente en l\u00ednea<\/li><\/ul><p><strong><span style=\"color: #ff6600;\">COSTOS<\/span><\/strong><\/p><p>Examen CENEVAL (consultar convocatoria UAZ)<br \/><span style=\"font-style: inherit; font-weight: inherit;\">Curso de nivelaci\u00f3n $ 1,500.00<\/span><\/p><p><span style=\"color: #ff6600;\">Pago<\/span>: Una vez realizada la preinscripci\u00f3n y con su n\u00famero de aspirante se genera la ficha de pago en la p\u00e1gina <strong><span style=\"color: #000080;\">ceii.uaz.edu.mx\/FichasPago\/<\/span><\/strong> la cual deber\u00e1 imprimirse y presentarse en cualquier sucursal BANORTE.<\/p><p style=\"text-align: center;\">Inscr\u00edbete al curso aqu\u00ed:<\/p><p style=\"text-align: center;\"><strong><span style=\"color: #000080;\"><a href=\"https:\/\/forms.gle\/Aci1jzmtHkAMoHRt8\">inscripci\u00f3n al curso de nivelaci\u00f3n<\/a>.<\/span><\/strong><\/p>\t\t\t\t\t\t\t\t<\/div>\n\t\t\t\t<\/div>\n\t\t\t\t\t<\/div>\n\t\t<\/div>\n\t\t\t\t<div class=\"elementor-column elementor-col-33 elementor-top-column elementor-element elementor-element-01c5514\" data-id=\"01c5514\" data-element_type=\"column\">\n\t\t\t<div class=\"elementor-widget-wrap elementor-element-populated\">\n\t\t\t\t\t\t<div class=\"elementor-element elementor-element-b593557 elementor-widget elementor-widget-text-editor\" data-id=\"b593557\" data-element_type=\"widget\" data-widget_type=\"text-editor.default\">\n\t\t\t\t<div class=\"elementor-widget-container\">\n\t\t\t\t\t\t\t\t\t<p><span style=\"color: #ff6600;\">CURSO<\/span><strong><span style=\"color: #ff6600;\"> DE NIVELACI\u00d3N<\/span><\/strong><\/p><p><strong><span style=\"color: #000080;\">Objetivo:<\/span><\/strong> Homogenizar los conocimientos adquiridos en el bachillerato en las \u00e1reas de contabilidad, matem\u00e1ticas, administraci\u00f3n e inform\u00e1tica, as\u00ed como inducirlos al ambiente universitario en el programa semiescolarizado con m\u00e9todos de estudio e identidad institucional.<\/p><p>Horario:\u00a0 Clases presenciales s\u00e1bados de 8:30 a 15:00 horas<\/p><p><strong>Contabilidad<\/strong>:\u00a0 \u00a0 \u00a0 \u00a0 \u00a0 \u00a0 \u00a0 \u00a0 \u00a0 \u00a0 \u00a030 horas<br \/><span style=\"font-style: inherit; font-weight: inherit;\"><strong>Administraci\u00f3n<\/strong>:\u00a0 \u00a0 \u00a0 \u00a0 \u00a0 \u00a0 \u00a0 \u00a0 18 horas<br \/><\/span><strong>Matem\u00e1ticas<\/strong>:\u00a0 \u00a0 \u00a0 \u00a0 \u00a0 \u00a0 \u00a0 \u00a0 \u00a0 \u00a0 18 horas<br \/><strong>Inform\u00e1tica<\/strong>:\u00a0 \u00a0 \u00a0 \u00a0 \u00a0 \u00a0 \u00a0 \u00a0 \u00a0 \u00a0 \u00a0 \u00a012 horas<br \/><strong>Inducci\u00f3n<\/strong>:\u00a0 \u00a0 \u00a0 \u00a0 \u00a0 \u00a0 \u00a0 \u00a0 \u00a0 \u00a0 \u00a0 \u00a0 \u00a0 \u00a012 horas<\/p><h5 style=\"text-align: center;\"><strong><span style=\"color: #000080;\">Las asignaturas requieren un m\u00ednimo de dedicaci\u00f3n de 10 horas a la semana de trabajo individual independiente.<\/span><\/strong><\/h5><p>Documentaci\u00f3n: Misma documentaci\u00f3n para la pre-inscripci\u00f3n a la universidad y <strong>COMPROBANTE DE TRABAJO<\/strong><strong> (Constancia de Trabajo especificando puesto y horario acompa\u00f1ada de recibo de nomina debidamente timbrado)<br \/><span style=\"color: #ff6600;\">Inscripci\u00f3n<\/span><\/strong>: Llenar el formulario de registro y entregar los documentos en la oficina del sistema<strong><span style=\"color: #000080;\">.<\/span><\/strong> Una vez realizado el registro recibir\u00e1 un correo con su nombre de usuario, contrase\u00f1a necesarios para realizar el curso de nivelaci\u00f3n. Entregar el <strong><span style=\"font-style: inherit;\">Recibo de pago del curso de nivelaci\u00f3n<\/span><\/strong><span style=\"font-style: inherit;\"> y la <\/span><span style=\"font-size: 16px;\">Ficha de preinscripci\u00f3n a la UAZ con el folio CENEVAL.<\/span><\/p><p><strong><span style=\"color: #ff6600;\">FECHAS IMPORTANTES: (2025)<\/span><\/strong><\/p><ul><li><span style=\"color: #333333;\">Hacer tr\u00e1mite del 2 de febrero al 18 de mayo<\/span><strong><span style=\"color: #ff6600;\"><br \/><\/span><\/strong><\/li><li>Examen CENEVAL 21 de junio a las 10:00 horas<\/li><li>Inicio del Curso de nivelaci\u00f3n del 1 de marzo<\/li><li><em style=\"font-weight: inherit;\"><strong>Examen de admisi\u00f3n el 5 de julio<\/strong><\/em><\/li><li>Entrega de resultados el 12 de julio<\/li><li>Inicio de clases el 26 de julio<\/li><\/ul>\t\t\t\t\t\t\t\t<\/div>\n\t\t\t\t<\/div>\n\t\t\t\t\t<\/div>\n\t\t<\/div>\n\t\t\t\t\t<\/div>\n\t\t<\/section>\n\t\t\t\t<section class=\"elementor-section elementor-top-section elementor-element elementor-element-5403c78 elementor-section-boxed elementor-section-height-default elementor-section-height-default\" data-id=\"5403c78\" data-element_type=\"section\">\n\t\t\t\t\t\t<div class=\"elementor-container elementor-column-gap-default\">\n\t\t\t\t\t<div class=\"elementor-column elementor-col-100 elementor-top-column elementor-element elementor-element-505d297\" data-id=\"505d297\" data-element_type=\"column\">\n\t\t\t<div class=\"elementor-widget-wrap\">\n\t\t\t\t\t\t\t<\/div>\n\t\t<\/div>\n\t\t\t\t\t<\/div>\n\t\t<\/section>\n\t\t\t\t<\/div>\n\t\t","protected":false},"excerpt":{"rendered":"<p>Con el prop\u00f3sito de extender la educaci\u00f3n superior a personas que por cuestiones de horario, trabajo, edad y\/o lugar de residencia se ven en la imposibilidad de cursar una licenciatura escolarizada, la Unidad Acad\u00e9mica de Contadur\u00eda y Administraci\u00f3n de la Universidad Aut\u00f3noma de Zacatecas TE INVITA a cursar la: El Sistema de Universidad Abierta de &hellip;<\/p>\n<p class=\"read-more\"> <a class=\"\" href=\"https:\/\/sua.uacya-uaz.org\/?page_id=1115\"> <span class=\"screen-reader-text\">Nuevo Ingreso<\/span> Leer m\u00e1s &raquo;<\/a><\/p>\n","protected":false},"author":1,"featured_media":0,"parent":0,"menu_order":0,"comment_status":"closed","ping_status":"closed","template":"elementor_header_footer","meta":{"site-sidebar-layout":"no-sidebar","site-content-layout":"page-builder","ast-global-header-display":"","ast-main-header-display":"","ast-hfb-above-header-display":"","ast-hfb-below-header-display":"","ast-hfb-mobile-header-display":"","site-post-title":"disabled","ast-breadcrumbs-content":"","ast-featured-img":"disabled","footer-sml-layout":"","theme-transparent-header-meta":"default","adv-header-id-meta":"","stick-header-meta":"","header-above-stick-meta":"","header-main-stick-meta":"","header-below-stick-meta":"","footnotes":""},"class_list":["post-1115","page","type-page","status-publish","hentry"],"_links":{"self":[{"href":"https:\/\/sua.uacya-uaz.org\/index.php?rest_route=\/wp\/v2\/pages\/1115","targetHints":{"allow":["GET"]}}],"collection":[{"href":"https:\/\/sua.uacya-uaz.org\/index.php?rest_route=\/wp\/v2\/pages"}],"about":[{"href":"https:\/\/sua.uacya-uaz.org\/index.php?rest_route=\/wp\/v2\/types\/page"}],"author":[{"embeddable":true,"href":"https:\/\/sua.uacya-uaz.org\/index.php?rest_route=\/wp\/v2\/users\/1"}],"replies":[{"embeddable":true,"href":"https:\/\/sua.uacya-uaz.org\/index.php?rest_route=%2Fwp%2Fv2%2Fcomments&post=1115"}],"version-history":[{"count":101,"href":"https:\/\/sua.uacya-uaz.org\/index.php?rest_route=\/wp\/v2\/pages\/1115\/revisions"}],"predecessor-version":[{"id":1697,"href":"https:\/\/sua.uacya-uaz.org\/index.php?rest_route=\/wp\/v2\/pages\/1115\/revisions\/1697"}],"wp:attachment":[{"href":"https:\/\/sua.uacya-uaz.org\/index.php?rest_route=%2Fwp%2Fv2%2Fmedia&parent=1115"}],"curies":[{"name":"wp","href":"https:\/\/api.w.org\/{rel}","templated":true}]}}